{"id":2952,"date":"2021-09-07T18:59:08","date_gmt":"2021-09-07T16:59:08","guid":{"rendered":"http:\/\/basten.de\/?page_id=2952"},"modified":"2021-09-08T16:49:10","modified_gmt":"2021-09-08T14:49:10","slug":"datenschutzerklaerung","status":"publish","type":"page","link":"https:\/\/basten.de\/en\/datenschutzerklaerung\/","title":{"rendered":"Privacy policy"},"content":{"rendered":"<div data-elementor-type=\"wp-post\" data-elementor-id=\"2952\" class=\"elementor elementor-2952\">\n\t\t\t\t\t\t<section class=\"elementor-section elementor-top-section elementor-element elementor-element-7116a5b2 elementor-section-boxed elementor-section-height-default elementor-section-height-default\" data-id=\"7116a5b2\" data-element_type=\"section\" data-settings=\"{&quot;background_background&quot;:&quot;classic&quot;}\">\n\t\t\t\t\t\t\t<div class=\"elementor-background-overlay\"><\/div>\n\t\t\t\t\t\t\t<div class=\"elementor-container elementor-column-gap-no\">\n\t\t\t\t\t<div class=\"elementor-column elementor-col-100 elementor-top-column elementor-element elementor-element-6439be06\" data-id=\"6439be06\" data-element_type=\"column\" data-settings=\"{&quot;background_background&quot;:&quot;classic&quot;}\">\n\t\t\t<div class=\"elementor-widget-wrap elementor-element-populated\">\n\t\t\t\t\t\t<div class=\"elementor-element elementor-element-198df6ee elementor-widget elementor-widget-heading\" data-id=\"198df6ee\" data-element_type=\"widget\" data-widget_type=\"heading.default\">\n\t\t\t\t<div class=\"elementor-widget-container\">\n\t\t\t<h1 class=\"elementor-heading-title elementor-size-default\">Privacy policy<\/h1>\t\t<\/div>\n\t\t\t\t<\/div>\n\t\t\t\t\t<\/div>\n\t\t<\/div>\n\t\t\t\t\t<\/div>\n\t\t<\/section>\n\t\t\t\t<section class=\"elementor-section elementor-top-section elementor-element elementor-element-871babd elementor-section-boxed elementor-section-height-default elementor-section-height-default\" data-id=\"871babd\" data-element_type=\"section\">\n\t\t\t\t\t\t<div class=\"elementor-container elementor-column-gap-no\">\n\t\t\t\t\t<div class=\"elementor-column elementor-col-100 elementor-top-column elementor-element elementor-element-7e966216\" data-id=\"7e966216\" data-element_type=\"column\">\n\t\t\t<div class=\"elementor-widget-wrap elementor-element-populated\">\n\t\t\t\t\t\t<div class=\"elementor-element elementor-element-4bef784e elementor-widget elementor-widget-text-editor\" data-id=\"4bef784e\" data-element_type=\"widget\" data-widget_type=\"text-editor.default\">\n\t\t\t\t<div class=\"elementor-widget-container\">\n\t\t\t\t\t\t\t<div id=\"widgetcontainer_1639057_C7VPnqg8_PROD\" class=\"cm_widget_block      cm_widget cm4all_com_widgets_LegalNotice cm_widget_block_center cm-pixel-large cm-pixel-xlarge\"><div><p>We are aware that the protection of your privacy when using our website is an important concern for you. We take the protection of your personal data very seriously. Therefore, we want you to know when we store which data and how we use it. We would like to inform you about our data protection measures with this privacy policy.<\/p><h3>Collection of personal data<\/h3><p>In the following, we inform you about the collection of personal data when using our website. Personal data is all data that can be directly or indirectly related to you personally, e.g. name, address, e-mail addresses, user behavior.<br \/>We process data in accordance with DS-GVO Art. 6 para. 1 lit. a) b) c) f). This means that we only process personal data if consent has been given (lit. a), insofar as necessary for the fulfillment of a contract or pre-contractual measures (lit. b), we are legally obliged to do so (lit. c) or we have a legitimate interest in the processing (lit. f). The corresponding legal basis will be named in the individual case.<br \/>When you contact us by e-mail or via a contact form, the data you provide (your e-mail address, name and telephone number, if applicable) will be stored by us in order to answer your questions. We delete the data accruing in this context after the purpose of the inquiry has ceased to exist. Depending on the type of inquiry, we collect this data with your express consent pursuant to Art. 6 (1) a) DSGVO, for the processing and fulfillment of a contract or pre-contractual measures pursuant to Art. 6 (1) b) DS-GVO or in the case of a legitimate interest pursuant to Art. 6 (1) f) DSGVO. The legitimate interest is to answer inquiries and to inform about our products and services.<br \/>When using the website for information purposes only, i.e. if you do not register or otherwise transmit information to us, only the data that your browser transmits to the server we use is collected. If you wish to view our website, the following data is collected, which is technically necessary for us to display our website to you and to ensure stability and security. The forwarding is automated by your browser and is inherent in the use of the Internet. (Legal basis is Art. 6 para. 1 lit. f DS-GVO):<\/p><ul><li>IP address<\/li><li>Date and time of the request<\/li><li>Time zone difference from Greenwich Mean Time (GMT)<\/li><li>Content of the request (concrete page)<\/li><li>Access status\/HTTP status code<\/li><li>Data volume transferred in each case<\/li><li>Website from which the request comes<\/li><li>Browser<\/li><li>Operating system and its interface<\/li><li>Language and version of the browser software.<\/li><\/ul><p>\u00a0<\/p><h3>Person in charge<\/h3><p>The responsible person according to Art. 4 No. 7 EU Data Protection Regulation (DS-GVO) can be found in the imprint.<\/p><h3>Purpose<\/h3><p>We will only use the personal information we collect from you to provide you with the products or services you request, or for other purposes for which you have given your consent, unless otherwise required by law.<\/p><h3>Data subject rights<\/h3><p>You have the following rights with respect to us regarding personal data concerning you:<\/p><ul><li>Right to information,<\/li><li>Recht auf Berichtigung oder L\u00f6schung,<\/li><li>Right to restriction of processing,<\/li><li>Right to object to processing,<\/li><li>Right to data portability.<\/li><\/ul>You also have the right to complain to a data protection supervisory authority about our processing of your personal data.<p>\u00a0<\/p><h3>Right to revoke or object to the processing of your data<\/h3><p>If you have given your consent to the processing of your data, you may revoke this consent at any time. Such revocation affects the permissibility of processing your personal data after you have expressed it to us.<\/p><h3>Data storage<\/h3><p>We store personal data as long as this is necessary to fulfill our contractual and pre- and post-contractual obligations. This does not affect your right to erasure or restriction of processing. Furthermore, this does not affect our right to continue to store the data for legally compelling reasons (Art. 6 (1) (c) DS-GVO) or if there is a legitimate interest (Art. 6 (1) (b) DS-GVO). Legitimate interests include, in particular, the examination and enforcement of claims for damages and other claims.<br \/>Log files that are required for the stability and security of the system are automatically deleted after four days.<\/p><h3>Cookies use<\/h3><p>In addition to the previously mentioned data, cookies are stored on your computer when you use our website. Cookies are small text files that are stored on your hard drive assigned to the browser you are using and through which the body that sets the cookie (here by us), certain information flows. Cookies cannot execute programs or transfer viruses to your computer. They serve to make the Internet offer as a whole more user-friendly and effective.<\/p><ol><li>This website uses the following types of cookies, the scope and functionality of which are explained below:<ul><li>Transient cookies (for this b)<\/li><li>Persistent cookies (in addition c).<\/li><\/ul><\/li><li>Transient cookies are automatically deleted when you close the browser. These include in particular the session cookies. These store a so-called session ID, with which various requests of your browser can be assigned to the common session. This allows your computer to be recognized when you return to our website. The session cookies are deleted when you log out or close the browser.<\/li><li>Persistent cookies are automatically deleted after a specified duration, which may differ depending on the cookie. You can delete the cookies in the security settings of your browser at any time.<\/li><li>You can configure your browser settings according to your preferences and, for example, refuse to accept third-party cookies or all cookies. Please note that you may not be able to use all functions of this website.<\/li><\/ol><p>\u00a0<\/p><h3>Security<\/h3><p>We use technical and organizational security measures to protect the data you have made available from accidental or intentional manipulation, loss, destruction or access by unauthorized persons. In the case of collection and processing of personal data, the information is transmitted in encrypted form to prevent misuse of the data by third parties. Our security measures are continuously revised in line with technological developments.<\/p><h3>Adjustments<\/h3><p>The constant development of the Internet makes it necessary to make adjustments to our privacy policy from time to time. We reserve the right to make corresponding changes at any time.<\/p><h3>Usage statistics<\/h3><p>When visiting our site, we anonymously record the way in which visitors have come to our website and how many users have called up the page. (Search engine, linking, direct input or advertising measures) The data is not used to identify individual visitors, but only for the transmission of quantitative values. The statistics cannot be used to track their behavior on other websites. The data will not be linked to other services. If you have deactivated the setting of cookies in your browser, your visits will not be recorded. Otherwise, these cookies are automatically deleted after seven days.<\/p><h3>Third party content on the website<\/h3><p>Our website integrates content from other providers. This can be pure content elements (e.g. news, news), but also widgets (functions such as booking systems) or e.g. fonts and technical libraries. This also includes Google Fonts. For technical reasons, this is done by loading this content from other servers by the browser. In this context, the IP currently used by your browser and the browser used by the requesting system are transmitted. Please note the respective privacy statements of the third-party providers in this regard.<\/p><h3>Route planner<\/h3><p>We use Bing Maps from Microsoft on our website to provide you with an interactive route planner. By using this service, you agree that data may be collected in accordance with the Bing Maps Terms of Use (<a href=\"https:\/\/www.microsoft.com\/en-us\/maps\/product\/terms\" target=\"_blank\" rel=\"nofollow noopener\">https:\/\/www.microsoft.com\/en-us\/maps\/product\/terms<\/a>) are processed.<br \/>If you use the map, e.g. by clicking on our locations listed there, we do not collect any data from you. However, the company Microsoft Corporation, One Microsoft Way, Redmond, WA 98052-6399 USA may collect personal or person-related data as part of BING Maps. We cannot influence which data Microsoft collects with BING Maps, nor how Microsoft processes and evaluates it. Please therefore note the terms of use for BING Maps, available at\u00a0<a href=\"https:\/\/privacy.microsoft.com\/de-de\/privacystatement\/\" target=\"_blank\" rel=\"nofollow noopener\">https:\/\/privacy.microsoft.com\/de-de\/privacystatement\/<\/a>\u00a0(dort Bereich BING anklicken).<\/p><br \/><br \/><h3>Details of professional liability insurance<\/h3><p>Chartered accountant and tax consultant<br \/>Dipl.-Kfm. Hans-Joachim Basten<br \/>Zurich Insurance plc<br \/>Branch office for Germany<br \/>Poppelsdorfer Allee 25-53<br \/>53115 Bonn<br \/><br \/>Territorial scope: in the entire EU territory and the states of the Agreement on the European Economic Area.<\/p><\/div><\/div><h3>Photo credits<\/h3><p>Fotos:\u00a0\u00a9\u00a0Denys Rudyi,\u00a0puhhha,\u00a0BillionPhotos.com,\u00a0Matej Kastelic,\u00a0lenetsnikolai,\u00a0Konstantin Yuganov,\u00a0Jakub Jirsk &#8211; Fotolia.com<\/p>\t\t\t\t\t\t<\/div>\n\t\t\t\t<\/div>\n\t\t\t\t\t<\/div>\n\t\t<\/div>\n\t\t\t\t\t<\/div>\n\t\t<\/section>\n\t\t\t\t<\/div>","protected":false},"excerpt":{"rendered":"<p>Datenschutzerkl\u00e4rung Wir sind uns dar\u00fcber bewusst, dass Ihnen der Schutz Ihrer Privatsph\u00e4re bei der Benutzung unserer Website ein wichtiges Anliegen ist. Wir nehmen den Schutz Ihrer pers\u00f6nlichen Daten sehr ernst. Deshalb m\u00f6chten wir, dass Sie wissen, wann wir welche Daten speichern und wie wir sie verwenden. Wir m\u00f6chten Sie mit dieser Datenschutzerkl\u00e4rung \u00fcber unsere Ma\u00dfnahmen [&hellip;]<\/p>","protected":false},"author":1,"featured_media":0,"parent":0,"menu_order":0,"comment_status":"closed","ping_status":"closed","template":"","meta":{"site-sidebar-layout":"no-sidebar","site-content-layout":"page-builder","ast-site-content-layout":"","site-content-style":"default","site-sidebar-style":"default","ast-global-header-display":"","ast-banner-title-visibility":"","ast-main-header-display":"","ast-hfb-above-header-display":"","ast-hfb-below-header-display":"","ast-hfb-mobile-header-display":"","site-post-title":"disabled","ast-breadcrumbs-content":"","ast-featured-img":"disabled","footer-sml-layout":"","theme-transparent-header-meta":"enabled","adv-header-id-meta":"","stick-header-meta":"","header-above-stick-meta":"","header-main-stick-meta":"","header-below-stick-meta":"","astra-migrate-meta-layouts":"default","ast-page-background-enabled":"default","ast-page-background-meta":{"desktop":{"background-color":"","background-image":"","background-repeat":"repeat","background-position":"center center","background-size":"auto","background-attachment":"scroll","background-type":"","background-media":"","overlay-type":"","overlay-color":"","overlay-opacity":"","overlay-gradient":""},"tablet":{"background-color":"","background-image":"","background-repeat":"repeat","background-position":"center center","background-size":"auto","background-attachment":"scroll","background-type":"","background-media":"","overlay-type":"","overlay-color":"","overlay-opacity":"","overlay-gradient":""},"mobile":{"background-color":"","background-image":"","background-repeat":"repeat","background-position":"center center","background-size":"auto","background-attachment":"scroll","background-type":"","background-media":"","overlay-type":"","overlay-color":"","overlay-opacity":"","overlay-gradient":""}},"ast-content-background-meta":{"desktop":{"background-color":"var(--ast-global-color-5)","background-image":"","background-repeat":"repeat","background-position":"center center","background-size":"auto","background-attachment":"scroll","background-type":"","background-media":"","overlay-type":"","overlay-color":"","overlay-opacity":"","overlay-gradient":""},"tablet":{"background-color":"var(--ast-global-color-5)","background-image":"","background-repeat":"repeat","background-position":"center center","background-size":"auto","background-attachment":"scroll","background-type":"","background-media":"","overlay-type":"","overlay-color":"","overlay-opacity":"","overlay-gradient":""},"mobile":{"background-color":"var(--ast-global-color-5)","background-image":"","background-repeat":"repeat","background-position":"center center","background-size":"auto","background-attachment":"scroll","background-type":"","background-media":"","overlay-type":"","overlay-color":"","overlay-opacity":"","overlay-gradient":""}},"footnotes":""},"class_list":["post-2952","page","type-page","status-publish","hentry"],"yoast_head":"<!-- This site is optimized with the Yoast SEO plugin v23.0 - https:\/\/yoast.com\/wordpress\/plugins\/seo\/ -->\n<title>Datenschutzerkl\u00e4rung | Basten GmbH<\/title>\n<meta name=\"description\" content=\"Hier finden Sie die Datenschutzerkl\u00e4rung der Wirtschaftspr\u00fcfungs- &amp; Steuerberatungsgesellschaft Basten GmbH.\" \/>\n<meta name=\"robots\" content=\"index, follow, max-snippet:-1, max-image-preview:large, max-video-preview:-1\" \/>\n<link rel=\"canonical\" href=\"https:\/\/basten.de\/en\/datenschutzerklaerung\/\" \/>\n<meta property=\"og:locale\" content=\"en_US\" \/>\n<meta property=\"og:type\" content=\"article\" \/>\n<meta property=\"og:title\" content=\"Datenschutzerkl\u00e4rung | Basten GmbH\" \/>\n<meta property=\"og:description\" content=\"Hier finden Sie die Datenschutzerkl\u00e4rung der Wirtschaftspr\u00fcfungs- &amp; Steuerberatungsgesellschaft Basten GmbH.\" \/>\n<meta property=\"og:url\" content=\"https:\/\/basten.de\/en\/datenschutzerklaerung\/\" \/>\n<meta property=\"og:site_name\" content=\"Basten GmbH\" \/>\n<meta property=\"article:modified_time\" content=\"2021-09-08T14:49:10+00:00\" \/>\n<meta name=\"twitter:card\" content=\"summary_large_image\" \/>\n<meta name=\"twitter:label1\" content=\"Est. reading time\" \/>\n\t<meta name=\"twitter:data1\" content=\"6 minutes\" \/>\n<script type=\"application\/ld+json\" class=\"yoast-schema-graph\">{\"@context\":\"https:\/\/schema.org\",\"@graph\":[{\"@type\":\"WebPage\",\"@id\":\"https:\/\/basten.de\/datenschutzerklaerung\/\",\"url\":\"https:\/\/basten.de\/datenschutzerklaerung\/\",\"name\":\"Datenschutzerkl\u00e4rung | Basten GmbH\",\"isPartOf\":{\"@id\":\"https:\/\/basten.de\/#website\"},\"datePublished\":\"2021-09-07T16:59:08+00:00\",\"dateModified\":\"2021-09-08T14:49:10+00:00\",\"description\":\"Hier finden Sie die Datenschutzerkl\u00e4rung der Wirtschaftspr\u00fcfungs- & Steuerberatungsgesellschaft Basten GmbH.\",\"breadcrumb\":{\"@id\":\"https:\/\/basten.de\/datenschutzerklaerung\/#breadcrumb\"},\"inLanguage\":\"en-US\",\"potentialAction\":[{\"@type\":\"ReadAction\",\"target\":[\"https:\/\/basten.de\/datenschutzerklaerung\/\"]}]},{\"@type\":\"BreadcrumbList\",\"@id\":\"https:\/\/basten.de\/datenschutzerklaerung\/#breadcrumb\",\"itemListElement\":[{\"@type\":\"ListItem\",\"position\":1,\"name\":\"Startseite\",\"item\":\"https:\/\/basten.de\/\"},{\"@type\":\"ListItem\",\"position\":2,\"name\":\"Datenschutzerkl\u00e4rung\"}]},{\"@type\":\"WebSite\",\"@id\":\"https:\/\/basten.de\/#website\",\"url\":\"https:\/\/basten.de\/\",\"name\":\"Basten GmbH\",\"description\":\"\",\"publisher\":{\"@id\":\"https:\/\/basten.de\/#organization\"},\"potentialAction\":[{\"@type\":\"SearchAction\",\"target\":{\"@type\":\"EntryPoint\",\"urlTemplate\":\"https:\/\/basten.de\/?s={search_term_string}\"},\"query-input\":\"required name=search_term_string\"}],\"inLanguage\":\"en-US\"},{\"@type\":\"Organization\",\"@id\":\"https:\/\/basten.de\/#organization\",\"name\":\"Basten GmbH\",\"url\":\"https:\/\/basten.de\/\",\"logo\":{\"@type\":\"ImageObject\",\"inLanguage\":\"en-US\",\"@id\":\"https:\/\/basten.de\/#\/schema\/logo\/image\/\",\"url\":\"https:\/\/basten.de\/wp-content\/uploads\/2021\/04\/logo-basten-removebg-preview.png\",\"contentUrl\":\"https:\/\/basten.de\/wp-content\/uploads\/2021\/04\/logo-basten-removebg-preview.png\",\"width\":847,\"height\":294,\"caption\":\"Basten GmbH\"},\"image\":{\"@id\":\"https:\/\/basten.de\/#\/schema\/logo\/image\/\"}}]}<\/script>\n<!-- \/ Yoast SEO plugin. -->","yoast_head_json":{"title":"Datenschutzerkl\u00e4rung | Basten GmbH","description":"Hier finden Sie die Datenschutzerkl\u00e4rung der Wirtschaftspr\u00fcfungs- & Steuerberatungsgesellschaft Basten GmbH.","robots":{"index":"index","follow":"follow","max-snippet":"max-snippet:-1","max-image-preview":"max-image-preview:large","max-video-preview":"max-video-preview:-1"},"canonical":"https:\/\/basten.de\/en\/datenschutzerklaerung\/","og_locale":"en_US","og_type":"article","og_title":"Datenschutzerkl\u00e4rung | Basten GmbH","og_description":"Hier finden Sie die Datenschutzerkl\u00e4rung der Wirtschaftspr\u00fcfungs- & Steuerberatungsgesellschaft Basten GmbH.","og_url":"https:\/\/basten.de\/en\/datenschutzerklaerung\/","og_site_name":"Basten GmbH","article_modified_time":"2021-09-08T14:49:10+00:00","twitter_card":"summary_large_image","twitter_misc":{"Est. reading time":"6 minutes"},"schema":{"@context":"https:\/\/schema.org","@graph":[{"@type":"WebPage","@id":"https:\/\/basten.de\/datenschutzerklaerung\/","url":"https:\/\/basten.de\/datenschutzerklaerung\/","name":"Datenschutzerkl\u00e4rung | Basten GmbH","isPartOf":{"@id":"https:\/\/basten.de\/#website"},"datePublished":"2021-09-07T16:59:08+00:00","dateModified":"2021-09-08T14:49:10+00:00","description":"Hier finden Sie die Datenschutzerkl\u00e4rung der Wirtschaftspr\u00fcfungs- & Steuerberatungsgesellschaft Basten GmbH.","breadcrumb":{"@id":"https:\/\/basten.de\/datenschutzerklaerung\/#breadcrumb"},"inLanguage":"en-US","potentialAction":[{"@type":"ReadAction","target":["https:\/\/basten.de\/datenschutzerklaerung\/"]}]},{"@type":"BreadcrumbList","@id":"https:\/\/basten.de\/datenschutzerklaerung\/#breadcrumb","itemListElement":[{"@type":"ListItem","position":1,"name":"Startseite","item":"https:\/\/basten.de\/"},{"@type":"ListItem","position":2,"name":"Datenschutzerkl\u00e4rung"}]},{"@type":"WebSite","@id":"https:\/\/basten.de\/#website","url":"https:\/\/basten.de\/","name":"Basten GmbH","description":"","publisher":{"@id":"https:\/\/basten.de\/#organization"},"potentialAction":[{"@type":"SearchAction","target":{"@type":"EntryPoint","urlTemplate":"https:\/\/basten.de\/?s={search_term_string}"},"query-input":"required name=search_term_string"}],"inLanguage":"en-US"},{"@type":"Organization","@id":"https:\/\/basten.de\/#organization","name":"Basten GmbH","url":"https:\/\/basten.de\/","logo":{"@type":"ImageObject","inLanguage":"en-US","@id":"https:\/\/basten.de\/#\/schema\/logo\/image\/","url":"https:\/\/basten.de\/wp-content\/uploads\/2021\/04\/logo-basten-removebg-preview.png","contentUrl":"https:\/\/basten.de\/wp-content\/uploads\/2021\/04\/logo-basten-removebg-preview.png","width":847,"height":294,"caption":"Basten GmbH"},"image":{"@id":"https:\/\/basten.de\/#\/schema\/logo\/image\/"}}]}},"_links":{"self":[{"href":"https:\/\/basten.de\/en\/wp-json\/wp\/v2\/pages\/2952","targetHints":{"allow":["GET"]}}],"collection":[{"href":"https:\/\/basten.de\/en\/wp-json\/wp\/v2\/pages"}],"about":[{"href":"https:\/\/basten.de\/en\/wp-json\/wp\/v2\/types\/page"}],"author":[{"embeddable":true,"href":"https:\/\/basten.de\/en\/wp-json\/wp\/v2\/users\/1"}],"replies":[{"embeddable":true,"href":"https:\/\/basten.de\/en\/wp-json\/wp\/v2\/comments?post=2952"}],"version-history":[{"count":5,"href":"https:\/\/basten.de\/en\/wp-json\/wp\/v2\/pages\/2952\/revisions"}],"predecessor-version":[{"id":2968,"href":"https:\/\/basten.de\/en\/wp-json\/wp\/v2\/pages\/2952\/revisions\/2968"}],"wp:attachment":[{"href":"https:\/\/basten.de\/en\/wp-json\/wp\/v2\/media?parent=2952"}],"curies":[{"name":"wp","href":"https:\/\/api.w.org\/{rel}","templated":true}]}}