{"id":2944,"date":"2021-09-07T18:57:02","date_gmt":"2021-09-07T16:57:02","guid":{"rendered":"http:\/\/basten.de\/?page_id=2944"},"modified":"2023-02-24T19:10:01","modified_gmt":"2023-02-24T18:10:01","slug":"impressum","status":"publish","type":"page","link":"https:\/\/basten.de\/en\/impressum\/","title":{"rendered":"Imprint"},"content":{"rendered":"<div data-elementor-type=\"wp-post\" data-elementor-id=\"2944\" class=\"elementor elementor-2944\">\n\t\t\t\t\t\t<section class=\"elementor-section elementor-top-section elementor-element elementor-element-7116a5b2 elementor-section-boxed elementor-section-height-default elementor-section-height-default\" data-id=\"7116a5b2\" data-element_type=\"section\" data-settings=\"{&quot;background_background&quot;:&quot;classic&quot;}\">\n\t\t\t\t\t\t\t<div class=\"elementor-background-overlay\"><\/div>\n\t\t\t\t\t\t\t<div class=\"elementor-container elementor-column-gap-no\">\n\t\t\t\t\t<div class=\"elementor-column elementor-col-100 elementor-top-column elementor-element elementor-element-6439be06\" data-id=\"6439be06\" data-element_type=\"column\" data-settings=\"{&quot;background_background&quot;:&quot;classic&quot;}\">\n\t\t\t<div class=\"elementor-widget-wrap elementor-element-populated\">\n\t\t\t\t\t\t<div class=\"elementor-element elementor-element-198df6ee elementor-widget elementor-widget-heading\" data-id=\"198df6ee\" data-element_type=\"widget\" data-widget_type=\"heading.default\">\n\t\t\t\t<div class=\"elementor-widget-container\">\n\t\t\t<h1 class=\"elementor-heading-title elementor-size-default\">Imprint<\/h1>\t\t<\/div>\n\t\t\t\t<\/div>\n\t\t\t\t\t<\/div>\n\t\t<\/div>\n\t\t\t\t\t<\/div>\n\t\t<\/section>\n\t\t\t\t<section class=\"elementor-section elementor-top-section elementor-element elementor-element-871babd elementor-section-boxed elementor-section-height-default elementor-section-height-default\" data-id=\"871babd\" data-element_type=\"section\">\n\t\t\t\t\t\t<div class=\"elementor-container elementor-column-gap-no\">\n\t\t\t\t\t<div class=\"elementor-column elementor-col-100 elementor-top-column elementor-element elementor-element-7e966216\" data-id=\"7e966216\" data-element_type=\"column\">\n\t\t\t<div class=\"elementor-widget-wrap elementor-element-populated\">\n\t\t\t\t\t\t<div class=\"elementor-element elementor-element-4bef784e elementor-widget elementor-widget-text-editor\" data-id=\"4bef784e\" data-element_type=\"widget\" data-widget_type=\"text-editor.default\">\n\t\t\t\t<div class=\"elementor-widget-container\">\n\t\t\t\t\t\t\t<div data-cm-hintable=\"yes\">\n<h2><span style=\"font-size: 16px; font-style: inherit; font-weight: inherit; color: #5a5a5a;\">Dipl.-Kfm. Hans-Joachim Basten<\/span><\/h2>\n<p>WP\/StB Dipl.-Kfm. Hans-Joachim Basten<\/p>\n<h3>Contact details<\/h3>\n<table>\n<tbody>\n<tr>\n<td>Address&nbsp;<\/td>\n<td>Im Haindell 1<br>65843 Sulzbach \/ Taunus<\/td>\n<\/tr>\n<tr>\n<td>Phone number<\/td>\n<td>+49 (0)6196 500 216<\/td>\n<\/tr>\n<tr>\n<td>Fax:<\/td>\n<td>+49 (0)6196 500 250<\/td>\n<\/tr>\n<tr>\n<td>E-Mail:<\/td>\n<td>joachim.basten@datevnet.de<\/td>\n<\/tr>\n<\/tbody>\n<\/table>\n<h3>VAT identification number:<\/h3>\n<p>DE 113860142<\/p>\n<h3>Tax consultant<\/h3>\n<p>The legal professional title&nbsp;<b>tax consultant<\/b>&nbsp;was awarded in the Federal Republic of Germany (Hessen).<\/p>\n<h3>Competent supervisory authority:<\/h3>\n<table>\n<tbody>\n<tr>\n<td colspan=\"2\">Chamber of Tax Consultants Hessen<\/td>\n<\/tr>\n<tr>\n<td>Address&nbsp;<\/td>\n<td>Bleichstra\u00dfe 1<br>60313&nbsp;Frankfurt\/M<\/td>\n<\/tr>\n<tr>\n<td>Phone number<\/td>\n<td>+49 (0)69\/1530020<\/td>\n<\/tr>\n<tr>\n<td>Fax:<\/td>\n<td>+49 (0)69\/15300260<\/td>\n<\/tr>\n<tr>\n<td>E-Mail:<\/td>\n<td>geschaeftsstelle@stbk-hessen.de<\/td>\n<\/tr>\n<tr>\n<td>Web:<\/td>\n<td>http:\/\/www.stbk-hessen.de<\/td>\n<\/tr>\n<\/tbody>\n<\/table>\n<p>The profession&nbsp;<b>tax consultant<\/b>&nbsp;is subject to the conditions set out under&nbsp;<a href=\"https:\/\/www.bstbk.de\/de\/themen\/berufsrecht\" target=\"_blank\" rel=\"noopener\">https:\/\/www.bstbk.de\/de\/themen\/berufsrecht<\/a>&nbsp;professional regulations mentioned above.<\/p>\n<h3>Auditor<\/h3>\n<p>The legal professional title&nbsp;<b>Wirtschaftspr\u00fcfer \/ Wirtschaftspr\u00fcferin<\/b>&nbsp;was awarded in the Federal Republic of Germany (Berlin).<\/p>\n<h3>Competent supervisory authority:<\/h3>\n<table>\n<tbody>\n<tr>\n<td colspan=\"2\">Chamber of Public Accountants LGS Berlin, Brandenburg, Saxony and Saxony-Anhalt.<\/td>\n<\/tr>\n<tr>\n<td>Address&nbsp;<\/td>\n<td>Rauchstra\u00dfe 26<br>10787&nbsp;Berlin<\/td>\n<\/tr>\n<tr>\n<td>Phone number<\/td>\n<td>+49 (0)30\/726161216<\/td>\n<\/tr>\n<tr>\n<td>Fax:<\/td>\n<td>+49 (0)30\/726161199<\/td>\n<\/tr>\n<tr>\n<td>E-Mail:<\/td>\n<td>lgs-berlin@wpk.de<\/td>\n<\/tr>\n<tr>\n<td>Web:<\/td>\n<td>www.wpk.de<\/td>\n<\/tr>\n<\/tbody>\n<\/table>\n<p>The profession&nbsp;<b>Wirtschaftspr\u00fcfer \/ Wirtschaftspr\u00fcferin<\/b>&nbsp;is subject to the conditions set out under&nbsp;<a href=\"http:\/\/www.wpk.de\/wpk\/rechtsvorschriften\" target=\"_blank\" rel=\"noopener\">www.wpk.de\/wpk\/rechtsvorschriften<\/a>&nbsp;professional regulations mentioned above.<\/p>\n<h3>Platform of the EU Commission for online dispute resolution:<\/h3>\n<p><a href=\"http:\/\/www.ec.europa.eu\/consumers\/odr\" target=\"_blank\" rel=\"noopener\">www.ec.europa.eu\/consumers\/odr<\/a><\/p>\n<\/div>\t\t\t\t\t\t<\/div>\n\t\t\t\t<\/div>\n\t\t\t\t\t<\/div>\n\t\t<\/div>\n\t\t\t\t\t<\/div>\n\t\t<\/section>\n\t\t\t\t<\/div>","protected":false},"excerpt":{"rendered":"<p>Impressum Dipl.-Kfm. Hans-Joachim Basten WP\/StB Dipl.-Kfm. Hans-Joachim Basten Kontaktdaten: Anschrift:&nbsp; Im Haindell 165843 Sulzbach \/ Taunus Telefon: +49 (0)6196 500 216 Fax: +49 (0)6196 500 250 E-Mail: joachim.basten@datevnet.de Umsatzsteuer-Identifikationsnummer: DE 113860142 Steuerberater \/ Steuerberaterin: Die gesetzliche Berufsbezeichnung&nbsp;Steuerberater \/ Steuerberaterin&nbsp;wurde verliehen in der Bundesrepublik Deutschland (Hessen). Zust\u00e4ndige Aufsichtsbeh\u00f6rde: Steuerberaterkammer Hessen Anschrift:&nbsp; Bleichstra\u00dfe 160313&nbsp;Frankfurt\/M Telefon: +49 (0)69\/1530020 [&hellip;]<\/p>","protected":false},"author":1,"featured_media":0,"parent":0,"menu_order":0,"comment_status":"closed","ping_status":"closed","template":"","meta":{"site-sidebar-layout":"no-sidebar","site-content-layout":"page-builder","ast-site-content-layout":"","site-content-style":"default","site-sidebar-style":"default","ast-global-header-display":"","ast-banner-title-visibility":"","ast-main-header-display":"","ast-hfb-above-header-display":"","ast-hfb-below-header-display":"","ast-hfb-mobile-header-display":"","site-post-title":"disabled","ast-breadcrumbs-content":"","ast-featured-img":"disabled","footer-sml-layout":"","theme-transparent-header-meta":"enabled","adv-header-id-meta":"","stick-header-meta":"","header-above-stick-meta":"","header-main-stick-meta":"","header-below-stick-meta":"","astra-migrate-meta-layouts":"default","ast-page-background-enabled":"default","ast-page-background-meta":{"desktop":{"background-color":"","background-image":"","background-repeat":"repeat","background-position":"center center","background-size":"auto","background-attachment":"scroll","background-type":"","background-media":"","overlay-type":"","overlay-color":"","overlay-opacity":"","overlay-gradient":""},"tablet":{"background-color":"","background-image":"","background-repeat":"repeat","background-position":"center center","background-size":"auto","background-attachment":"scroll","background-type":"","background-media":"","overlay-type":"","overlay-color":"","overlay-opacity":"","overlay-gradient":""},"mobile":{"background-color":"","background-image":"","background-repeat":"repeat","background-position":"center center","background-size":"auto","background-attachment":"scroll","background-type":"","background-media":"","overlay-type":"","overlay-color":"","overlay-opacity":"","overlay-gradient":""}},"ast-content-background-meta":{"desktop":{"background-color":"var(--ast-global-color-5)","background-image":"","background-repeat":"repeat","background-position":"center center","background-size":"auto","background-attachment":"scroll","background-type":"","background-media":"","overlay-type":"","overlay-color":"","overlay-opacity":"","overlay-gradient":""},"tablet":{"background-color":"var(--ast-global-color-5)","background-image":"","background-repeat":"repeat","background-position":"center center","background-size":"auto","background-attachment":"scroll","background-type":"","background-media":"","overlay-type":"","overlay-color":"","overlay-opacity":"","overlay-gradient":""},"mobile":{"background-color":"var(--ast-global-color-5)","background-image":"","background-repeat":"repeat","background-position":"center center","background-size":"auto","background-attachment":"scroll","background-type":"","background-media":"","overlay-type":"","overlay-color":"","overlay-opacity":"","overlay-gradient":""}},"footnotes":""},"class_list":["post-2944","page","type-page","status-publish","hentry"],"yoast_head":"<!-- This site is optimized with the Yoast SEO plugin v23.0 - https:\/\/yoast.com\/wordpress\/plugins\/seo\/ -->\n<title>Impressum | Basten GmbH<\/title>\n<meta name=\"description\" content=\"Basten GmbH | Im Haindell 1 165843 Sulzbach\/Taunus | \u260e +49 (0)6196 500 216 oder per E-Mail an joachim.basten@datevnet.de\" \/>\n<meta name=\"robots\" content=\"index, follow, max-snippet:-1, max-image-preview:large, max-video-preview:-1\" \/>\n<link rel=\"canonical\" href=\"https:\/\/basten.de\/en\/impressum\/\" \/>\n<meta property=\"og:locale\" content=\"en_US\" \/>\n<meta property=\"og:type\" content=\"article\" \/>\n<meta property=\"og:title\" content=\"Impressum | Basten GmbH\" \/>\n<meta property=\"og:description\" content=\"Basten GmbH | Im Haindell 1 165843 Sulzbach\/Taunus | \u260e +49 (0)6196 500 216 oder per E-Mail an joachim.basten@datevnet.de\" \/>\n<meta property=\"og:url\" content=\"https:\/\/basten.de\/en\/impressum\/\" \/>\n<meta property=\"og:site_name\" content=\"Basten GmbH\" \/>\n<meta property=\"article:modified_time\" content=\"2023-02-24T18:10:01+00:00\" \/>\n<meta name=\"twitter:card\" content=\"summary_large_image\" \/>\n<meta name=\"twitter:label1\" content=\"Est. reading time\" \/>\n\t<meta name=\"twitter:data1\" content=\"1 minute\" \/>\n<script type=\"application\/ld+json\" class=\"yoast-schema-graph\">{\"@context\":\"https:\/\/schema.org\",\"@graph\":[{\"@type\":\"WebPage\",\"@id\":\"https:\/\/basten.de\/impressum\/\",\"url\":\"https:\/\/basten.de\/impressum\/\",\"name\":\"Impressum | Basten GmbH\",\"isPartOf\":{\"@id\":\"https:\/\/basten.de\/#website\"},\"datePublished\":\"2021-09-07T16:57:02+00:00\",\"dateModified\":\"2023-02-24T18:10:01+00:00\",\"description\":\"Basten GmbH | Im Haindell 1 165843 Sulzbach\/Taunus | \u260e +49 (0)6196 500 216 oder per E-Mail an joachim.basten@datevnet.de\",\"breadcrumb\":{\"@id\":\"https:\/\/basten.de\/impressum\/#breadcrumb\"},\"inLanguage\":\"en-US\",\"potentialAction\":[{\"@type\":\"ReadAction\",\"target\":[\"https:\/\/basten.de\/impressum\/\"]}]},{\"@type\":\"BreadcrumbList\",\"@id\":\"https:\/\/basten.de\/impressum\/#breadcrumb\",\"itemListElement\":[{\"@type\":\"ListItem\",\"position\":1,\"name\":\"Startseite\",\"item\":\"https:\/\/basten.de\/\"},{\"@type\":\"ListItem\",\"position\":2,\"name\":\"Impressum\"}]},{\"@type\":\"WebSite\",\"@id\":\"https:\/\/basten.de\/#website\",\"url\":\"https:\/\/basten.de\/\",\"name\":\"Basten GmbH\",\"description\":\"\",\"publisher\":{\"@id\":\"https:\/\/basten.de\/#organization\"},\"potentialAction\":[{\"@type\":\"SearchAction\",\"target\":{\"@type\":\"EntryPoint\",\"urlTemplate\":\"https:\/\/basten.de\/?s={search_term_string}\"},\"query-input\":\"required name=search_term_string\"}],\"inLanguage\":\"en-US\"},{\"@type\":\"Organization\",\"@id\":\"https:\/\/basten.de\/#organization\",\"name\":\"Basten GmbH\",\"url\":\"https:\/\/basten.de\/\",\"logo\":{\"@type\":\"ImageObject\",\"inLanguage\":\"en-US\",\"@id\":\"https:\/\/basten.de\/#\/schema\/logo\/image\/\",\"url\":\"https:\/\/basten.de\/wp-content\/uploads\/2021\/04\/logo-basten-removebg-preview.png\",\"contentUrl\":\"https:\/\/basten.de\/wp-content\/uploads\/2021\/04\/logo-basten-removebg-preview.png\",\"width\":847,\"height\":294,\"caption\":\"Basten GmbH\"},\"image\":{\"@id\":\"https:\/\/basten.de\/#\/schema\/logo\/image\/\"}}]}<\/script>\n<!-- \/ Yoast SEO plugin. -->","yoast_head_json":{"title":"Impressum | Basten GmbH","description":"Basten GmbH | Im Haindell 1 165843 Sulzbach\/Taunus | \u260e +49 (0)6196 500 216 oder per E-Mail an joachim.basten@datevnet.de","robots":{"index":"index","follow":"follow","max-snippet":"max-snippet:-1","max-image-preview":"max-image-preview:large","max-video-preview":"max-video-preview:-1"},"canonical":"https:\/\/basten.de\/en\/impressum\/","og_locale":"en_US","og_type":"article","og_title":"Impressum | Basten GmbH","og_description":"Basten GmbH | Im Haindell 1 165843 Sulzbach\/Taunus | \u260e +49 (0)6196 500 216 oder per E-Mail an joachim.basten@datevnet.de","og_url":"https:\/\/basten.de\/en\/impressum\/","og_site_name":"Basten GmbH","article_modified_time":"2023-02-24T18:10:01+00:00","twitter_card":"summary_large_image","twitter_misc":{"Est. reading time":"1 minute"},"schema":{"@context":"https:\/\/schema.org","@graph":[{"@type":"WebPage","@id":"https:\/\/basten.de\/impressum\/","url":"https:\/\/basten.de\/impressum\/","name":"Impressum | Basten GmbH","isPartOf":{"@id":"https:\/\/basten.de\/#website"},"datePublished":"2021-09-07T16:57:02+00:00","dateModified":"2023-02-24T18:10:01+00:00","description":"Basten GmbH | Im Haindell 1 165843 Sulzbach\/Taunus | \u260e +49 (0)6196 500 216 oder per E-Mail an joachim.basten@datevnet.de","breadcrumb":{"@id":"https:\/\/basten.de\/impressum\/#breadcrumb"},"inLanguage":"en-US","potentialAction":[{"@type":"ReadAction","target":["https:\/\/basten.de\/impressum\/"]}]},{"@type":"BreadcrumbList","@id":"https:\/\/basten.de\/impressum\/#breadcrumb","itemListElement":[{"@type":"ListItem","position":1,"name":"Startseite","item":"https:\/\/basten.de\/"},{"@type":"ListItem","position":2,"name":"Impressum"}]},{"@type":"WebSite","@id":"https:\/\/basten.de\/#website","url":"https:\/\/basten.de\/","name":"Basten GmbH","description":"","publisher":{"@id":"https:\/\/basten.de\/#organization"},"potentialAction":[{"@type":"SearchAction","target":{"@type":"EntryPoint","urlTemplate":"https:\/\/basten.de\/?s={search_term_string}"},"query-input":"required name=search_term_string"}],"inLanguage":"en-US"},{"@type":"Organization","@id":"https:\/\/basten.de\/#organization","name":"Basten GmbH","url":"https:\/\/basten.de\/","logo":{"@type":"ImageObject","inLanguage":"en-US","@id":"https:\/\/basten.de\/#\/schema\/logo\/image\/","url":"https:\/\/basten.de\/wp-content\/uploads\/2021\/04\/logo-basten-removebg-preview.png","contentUrl":"https:\/\/basten.de\/wp-content\/uploads\/2021\/04\/logo-basten-removebg-preview.png","width":847,"height":294,"caption":"Basten GmbH"},"image":{"@id":"https:\/\/basten.de\/#\/schema\/logo\/image\/"}}]}},"_links":{"self":[{"href":"https:\/\/basten.de\/en\/wp-json\/wp\/v2\/pages\/2944","targetHints":{"allow":["GET"]}}],"collection":[{"href":"https:\/\/basten.de\/en\/wp-json\/wp\/v2\/pages"}],"about":[{"href":"https:\/\/basten.de\/en\/wp-json\/wp\/v2\/types\/page"}],"author":[{"embeddable":true,"href":"https:\/\/basten.de\/en\/wp-json\/wp\/v2\/users\/1"}],"replies":[{"embeddable":true,"href":"https:\/\/basten.de\/en\/wp-json\/wp\/v2\/comments?post=2944"}],"version-history":[{"count":10,"href":"https:\/\/basten.de\/en\/wp-json\/wp\/v2\/pages\/2944\/revisions"}],"predecessor-version":[{"id":3809,"href":"https:\/\/basten.de\/en\/wp-json\/wp\/v2\/pages\/2944\/revisions\/3809"}],"wp:attachment":[{"href":"https:\/\/basten.de\/en\/wp-json\/wp\/v2\/media?parent=2944"}],"curies":[{"name":"wp","href":"https:\/\/api.w.org\/{rel}","templated":true}]}}